{"id":173,"date":"2016-06-03T09:21:42","date_gmt":"2016-06-03T08:21:42","guid":{"rendered":"https:\/\/magyarendre.hu\/?page_id=173"},"modified":"2021-03-04T10:21:36","modified_gmt":"2021-03-04T09:21:36","slug":"kapcsolat","status":"publish","type":"page","link":"https:\/\/magyarendre.hu\/en\/kapcsolat\/","title":{"rendered":"Contact"},"content":{"rendered":"<div class=\"fusion-fullwidth fullwidth-box fusion-builder-row-1 fusion-flex-container nonhundred-percent-fullwidth non-hundred-percent-height-scrolling\" style=\"background-color: rgba(255,255,255,0);background-position: center center;background-repeat: no-repeat;border-width: 0px 0px 0px 0px;border-color:#e2e2e2;border-style:solid;\" ><div class=\"fusion-builder-row fusion-row fusion-flex-align-items-flex-start\" style=\"max-width:1185.6px;margin-left: calc(-4% \/ 2 );margin-right: calc(-4% \/ 2 );\"><div class=\"fusion-layout-column fusion_builder_column fusion-builder-column-0 fusion_builder_column_1_2 1_2 fusion-flex-column\"><div class=\"fusion-column-wrapper fusion-flex-justify-content-flex-start fusion-content-layout-column\" style=\"background-position:left top;background-repeat:no-repeat;-webkit-background-size:cover;-moz-background-size:cover;-o-background-size:cover;background-size:cover;padding: 0px 0px 0px 0px;\"><div class=\"fusion-text fusion-text-1\"><h2><span class=\"contact-name\">Magyar Endre Dugul\u00e1selh\u00e1r\u00edt\u00e1s Budapesten \u00e9s Pest megy\u00e9ben<\/span><\/h2>\n<p><strong>Telefon: <a href=\"tel:06203181614\">0620\/318-1614<\/a><\/strong><br \/>\n<strong>Telefon: <a href=\"tel:06707444444\" target=\"_self\" rel=\"noopener\">0670\/7-44-44-44<\/a><\/strong><br \/>\n<strong>E-mail:<\/strong> dugulaselharitass@gmail.com<br \/>\n<strong>Telephely:<\/strong> 1112 Budapest K\u00e9r\u0151 utca 12<\/p>\n<p><iframe src=\"https:\/\/www.google.hu\/maps?sll=48.089334109246536,20.675309810615868&amp;sspn=0.5170473939761822,0.9912473221087953&amp;t=m&amp;q=Magyar+Endre+dugul%C3%A1selh%C3%A1r%C3%ADt%C3%A1s+Budapest,+Budapest,+K%C3%A9r%C5%91+utca&amp;dg=opt&amp;ie=UTF8&amp;hq=Magyar+Endre+dugul%C3%A1selh%C3%A1r%C3%ADt%C3%A1s&amp;hnear=1112+Budapest,+K%C3%A9r%C5%91+utca&amp;cid=17092934456715855147&amp;ll=47.471386,19.01742&amp;spn=0.020306,0.036478&amp;z=14&amp;iwloc=A&amp;output=embed\" width=\"100%\" height=\"350\" frameborder=\"0\" marginwidth=\"0\" marginheight=\"0\" scrolling=\"no\"><\/iframe><br \/>\n<small><a href=\"https:\/\/www.google.hu\/maps?sll=48.089334109246536,20.675309810615868&amp;sspn=0.5170473939761822,0.9912473221087953&amp;t=m&amp;q=Magyar+Endre+dugul%C3%A1selh%C3%A1r%C3%ADt%C3%A1s+Budapest,+Budapest,+K%C3%A9r%C5%91+utca&amp;dg=opt&amp;ie=UTF8&amp;hq=Magyar+Endre+dugul%C3%A1selh%C3%A1r%C3%ADt%C3%A1s&amp;hnear=1112+Budapest,+K%C3%A9r%C5%91+utca&amp;cid=17092934456715855147&amp;ll=47.471386,19.01742&amp;spn=0.020306,0.036478&amp;z=14&amp;iwloc=A&amp;source=embed\" rel=\"nofollow noopener\" target=\"_blank\">Nagyobb t\u00e9rk\u00e9pre v\u00e1lt\u00e1s<\/a><\/small><\/p>\n<p><strong>Figyelem!<\/strong> A telefonom mindig be van kapcsolva, h\u00edv\u00e1s\u00e1r\u00f3l \u00e9rtes\u00edt\u00e9st kapok ha nem vagyok el\u00e9rhet\u0151 akkor is! Amint az \u00e9rtes\u00edt\u00e9st megkapom azonnal visszah\u00edvom!<\/p>\n<\/div><\/div><style type=\"text\/css\">.fusion-body .fusion-builder-column-0{width:50% !important;margin-top : 0px;margin-bottom : 20px;}.fusion-builder-column-0 > .fusion-column-wrapper {padding-top : 0px !important;padding-right : 0px !important;margin-right : 3.84%;padding-bottom : 0px !important;padding-left : 0px !important;margin-left : 3.84%;}@media only screen and (max-width:1024px) {.fusion-body .fusion-builder-column-0{width:100% !important;order : 0;}.fusion-builder-column-0 > .fusion-column-wrapper {margin-right : 1.92%;margin-left : 1.92%;}}@media only screen and (max-width:640px) {.fusion-body .fusion-builder-column-0{width:100% !important;order : 0;}.fusion-builder-column-0 > .fusion-column-wrapper {margin-right : 1.92%;margin-left : 1.92%;}}<\/style><\/div><div class=\"fusion-layout-column fusion_builder_column fusion-builder-column-1 fusion_builder_column_1_2 1_2 fusion-flex-column\"><div class=\"fusion-column-wrapper fusion-flex-justify-content-flex-start fusion-content-layout-column\" style=\"background-position:left top;background-repeat:no-repeat;-webkit-background-size:cover;-moz-background-size:cover;-o-background-size:cover;background-size:cover;padding: 0px 0px 0px 0px;\"><style type=\"text\/css\">@media only screen and (max-width:1024px) {.fusion-title.fusion-title-1{margin-top:10px!important; margin-right:0px!important;margin-bottom:15px!important;margin-left:0px!important;}}@media only screen and (max-width:640px) {.fusion-title.fusion-title-1{margin-top:10px!important; margin-right:0px!important;margin-bottom:10px!important; margin-left:0px!important;}}<\/style><div class=\"fusion-title title fusion-title-1 fusion-sep-none fusion-title-text fusion-title-size-two\" style=\"margin-top:10px;margin-right:0px;margin-bottom:15px;margin-left:0px;\"><h2 class=\"title-heading-left fusion-responsive-typography-calculated\" style=\"margin:0;--fontSize:27.2;line-height:1.13;\">Visszah\u00edvhatjuk?<\/h2><\/div><style>.fusion-form-form-wrapper .fusion-form-815 .fusion-form-tooltip .fusion-form-tooltip-content{color:#ffffff !important;background-color:#333333 !important;border-color:#333333 !important;}<\/style><div class=\"fusion-form fusion-form-builder fusion-form-form-wrapper fusion-form-815\" data-form-id=\"815\" data-config=\"{&quot;form_id&quot;:&quot;815&quot;,&quot;form_post_id&quot;:&quot;815&quot;,&quot;post_id&quot;:173,&quot;form_type&quot;:&quot;ajax&quot;,&quot;confirmation_type&quot;:&quot;redirect&quot;,&quot;redirect_url&quot;:&quot;https:\\\/\\\/magyarendre.hu\\\/koszonjuk\\\/&quot;,&quot;field_labels&quot;:{&quot;name&quot;:&quot;&quot;,&quot;phone&quot;:&quot;&quot;},&quot;field_logics&quot;:{&quot;name&quot;:&quot;&quot;,&quot;phone&quot;:&quot;&quot;},&quot;nonce_method&quot;:&quot;ajax&quot;}\"><form action=\"https:\/\/magyarendre.hu\/en\/kapcsolat\/\" method=\"post\" class=\"fusion-form fusion-form-815\"><div class=\"fusion-fullwidth fullwidth-box fusion-builder-row-1-1 fusion-flex-container nonhundred-percent-fullwidth non-hundred-percent-height-scrolling\" style=\"background-color: rgba(255,255,255,0);background-position: center center;background-repeat: no-repeat;border-width: 0px 0px 0px 0px;border-color:#e2e2e2;border-style:solid;\" ><div class=\"fusion-builder-row fusion-row fusion-flex-align-items-flex-start\" style=\"width:104% !important;max-width:104% !important;margin-left: calc(-4% \/ 2 );margin-right: calc(-4% \/ 2 );\"><div class=\"fusion-layout-column fusion_builder_column fusion-builder-column-2 fusion_builder_column_1_1 1_1 fusion-flex-column\"><div class=\"fusion-column-wrapper fusion-flex-justify-content-flex-start fusion-content-layout-column\" style=\"background-position:left top;background-repeat:no-repeat;-webkit-background-size:cover;-moz-background-size:cover;-o-background-size:cover;background-size:cover;padding: 0px 0px 0px 0px;\"><div class=\"fusion-form-field fusion-form-text-field fusion-form-label-above\" data-form-id=\"815\"><input type=\"text\" name=\"name\" id=\"name\" value=\"\"  class=\"fusion-form-input\" required=\"true\" aria-required=\"true\" placeholder=\"Az \u00d6n neve :*\" data-holds-private-data=\"false\" minlength=\"0\"\/><\/div><div class=\"fusion-form-field fusion-form-phone-number-field fusion-form-label-above\" data-form-id=\"815\"><input type=\"phone-number\" name=\"phone\" id=\"phone\" value=\"\"  class=\"fusion-form-input\" required=\"true\" aria-required=\"true\" placeholder=\"Telefonsz\u00e1m :*\" data-holds-private-data=\"false\" pattern=\"[0-9()#&+*-=.]+\" title=\"Only numbers and phone characters are accepted.\"\/><\/div><div class=\"fusion-text fusion-text-2\" style=\"font-size:14px;\"><p style=\"width: 80%; margin-bottom: 10px;\">Amint tudom visszah\u00edvom!<\/p>\n<div id=\"simple-translate\">\n<div>\n<div class=\"simple-translate-button isShow\" style=\"background-image: url('moz-extension:\/\/269ab3e8-3ce4-4692-9fd2-f605a4be2f16\/icons\/512.png'); height: 22px; width: 22px; top: 39px; left: 495px;\"><\/div>\n<div class=\"simple-translate-panel \" style=\"width: 300px; height: 200px; top: 0px; left: 0px; font-size: 13px; background-color: #ffffff;\">\n<div class=\"simple-translate-result-wrapper\" style=\"overflow: hidden;\">\n<div class=\"simple-translate-move\" draggable=\"true\"><\/div>\n<div class=\"simple-translate-result-contents\">\n<p class=\"simple-translate-candidate\" style=\"color: #737373;\">\n<\/div>\n<\/div>\n<\/div>\n<\/div>\n<\/div>\n<\/div><div class=\"form-submission-notices\" id=\"fusion-notices-1\"><div class=\"fusion-alert alert success alert-success fusion-alert-center fusion-form-response fusion-form-response-success alert-dismissable\" role=\"alert\" style=\"background-color:rgba(18,184,120,0.1);color:#12b878;border-color:#12b878;border-width:1px;\"><div class=\"fusion-alert-content-wrapper\"><span class=\"alert-icon\"><i class=\"awb-icon-check-circle\" aria-hidden=\"true\"><\/i><\/span><span class=\"fusion-alert-content\">Thank you for your message. It has been sent.<\/span><\/div><button type=\"button\" class=\"close toggle-alert\" data-dismiss=\"alert\" aria-label=\"Close\">&times;<\/button><\/div><div class=\"fusion-alert alert error alert-danger fusion-alert-center fusion-form-response fusion-form-response-error alert-dismissable\" role=\"alert\" style=\"background-color:rgba(219,75,104,0.1);color:#db4b68;border-color:#db4b68;border-width:1px;\"><div class=\"fusion-alert-content-wrapper\"><span class=\"alert-icon\"><i class=\"awb-icon-exclamation-triangle\" aria-hidden=\"true\"><\/i><\/span><span class=\"fusion-alert-content\">There was an error trying to send your message. Please try again later.<\/span><\/div><button type=\"button\" class=\"close toggle-alert\" data-dismiss=\"alert\" aria-label=\"Close\">&times;<\/button><\/div><\/div><div class=\"fusion-form-field fusion-form-submit-field fusion-form-label-above\" data-form-id=\"815\"><div ><style>.fusion-body .fusion-button.button-1{border-radius:0 0 0 0;}<\/style><button type=\"submit\" class=\"fusion-button button-flat fusion-button-default-size button-default button-1 fusion-button-default-span  form-form-submit button-default\" data-form-number=\"815\" tabindex=\"\"><span class=\"fusion-button-text\">Visszah\u00edv\u00e1st k\u00e9rek<\/span><\/button><\/div><\/div><\/div><style type=\"text\/css\">.fusion-body .fusion-builder-column-2{width:100% !important;margin-top : 0px;margin-bottom : 0px;}.fusion-builder-column-2 > .fusion-column-wrapper {padding-top : 0px !important;padding-right : 0px !important;margin-right : 1.92%;padding-bottom : 0px !important;padding-left : 0px !important;margin-left : 1.92%;}@media only screen and (max-width:1024px) {.fusion-body .fusion-builder-column-2{width:100% !important;order : 0;}.fusion-builder-column-2 > .fusion-column-wrapper {margin-right : 1.92%;margin-left : 1.92%;}}@media only screen and (max-width:640px) {.fusion-body .fusion-builder-column-2{width:100% !important;order : 0;}.fusion-builder-column-2 > .fusion-column-wrapper {margin-right : 1.92%;margin-left : 1.92%;}}<\/style><\/div><\/div><style type=\"text\/css\">.fusion-body .fusion-flex-container.fusion-builder-row-1-1{ padding-top : 0px;margin-top : 0;padding-right : 0px;padding-bottom : 0px;margin-bottom : 0;padding-left : 0px;}<\/style><\/div><input type=\"hidden\" name=\"fusion_privacy_store_ip_ua\" value=\"false\"><input type=\"hidden\" name=\"fusion_privacy_expiration_interval\" value=\"48\"><input type=\"hidden\" name=\"privacy_expiration_action\" value=\"anonymize\"><\/form><\/div><\/div><style type=\"text\/css\">.fusion-body .fusion-builder-column-1{width:50% !important;margin-top : 0px;margin-bottom : 20px;}.fusion-builder-column-1 > .fusion-column-wrapper {padding-top : 0px !important;padding-right : 0px !important;margin-right : 3.84%;padding-bottom : 0px !important;padding-left : 0px !important;margin-left : 3.84%;}@media only screen and (max-width:1024px) {.fusion-body .fusion-builder-column-1{width:100% !important;order : 0;}.fusion-builder-column-1 > .fusion-column-wrapper {margin-right : 1.92%;margin-left : 1.92%;}}@media only screen and (max-width:640px) {.fusion-body .fusion-builder-column-1{width:100% !important;order : 0;}.fusion-builder-column-1 > .fusion-column-wrapper {margin-right : 1.92%;margin-left : 1.92%;}}<\/style><\/div><\/div><style type=\"text\/css\">.fusion-body .fusion-flex-container.fusion-builder-row-1{ padding-top : 0px;margin-top : 0px;padding-right : 0px;padding-bottom : 0px;margin-bottom : 0px;padding-left : 0px;}<\/style><\/div>\n","protected":false},"excerpt":{"rendered":"Magyar Endre Dugul\u00e1selh\u00e1r\u00edt\u00e1s Budapesten \u00e9s Pest megy\u00e9ben Telefon: 0620\/318-1614 Telefon: [...]","protected":false},"author":9,"featured_media":0,"parent":0,"menu_order":0,"comment_status":"closed","ping_status":"closed","template":"","meta":{"footnotes":""},"class_list":["post-173","page","type-page","status-publish","hentry"],"_links":{"self":[{"href":"https:\/\/magyarendre.hu\/en\/wp-json\/wp\/v2\/pages\/173","targetHints":{"allow":["GET"]}}],"collection":[{"href":"https:\/\/magyarendre.hu\/en\/wp-json\/wp\/v2\/pages"}],"about":[{"href":"https:\/\/magyarendre.hu\/en\/wp-json\/wp\/v2\/types\/page"}],"author":[{"embeddable":true,"href":"https:\/\/magyarendre.hu\/en\/wp-json\/wp\/v2\/users\/9"}],"replies":[{"embeddable":true,"href":"https:\/\/magyarendre.hu\/en\/wp-json\/wp\/v2\/comments?post=173"}],"version-history":[{"count":3,"href":"https:\/\/magyarendre.hu\/en\/wp-json\/wp\/v2\/pages\/173\/revisions"}],"predecessor-version":[{"id":3083,"href":"https:\/\/magyarendre.hu\/en\/wp-json\/wp\/v2\/pages\/173\/revisions\/3083"}],"wp:attachment":[{"href":"https:\/\/magyarendre.hu\/en\/wp-json\/wp\/v2\/media?parent=173"}],"curies":[{"name":"wp","href":"https:\/\/api.w.org\/{rel}","templated":true}]}}